{"id":3114,"date":"2020-03-24T09:26:52","date_gmt":"2020-03-24T08:26:52","guid":{"rendered":"http:\/\/kmdp.eu\/?page_id=3114"},"modified":"2025-02-12T15:45:57","modified_gmt":"2025-02-12T14:45:57","slug":"kmdp-aktualnosci","status":"publish","type":"page","link":"https:\/\/kmdp.eu\/en\/kmdp-aktualnosci\/","title":{"rendered":"News"},"content":{"rendered":"<div data-elementor-type=\"wp-page\" data-elementor-id=\"3114\" class=\"elementor elementor-3114\" data-elementor-post-type=\"page\">\n\t\t\t\t\t\t<section class=\"elementor-section elementor-top-section elementor-element elementor-element-282ab9e5 elementor-section-height-min-height elementor-section-boxed elementor-section-height-default elementor-section-items-middle\" data-id=\"282ab9e5\" data-element_type=\"section\" data-settings=\"{&quot;background_background&quot;:&quot;classic&quot;,&quot;shape_divider_bottom&quot;:&quot;waves&quot;,&quot;background_motion_fx_motion_fx_scrolling&quot;:&quot;yes&quot;,&quot;background_motion_fx_translateY_effect&quot;:&quot;yes&quot;,&quot;background_motion_fx_translateY_speed&quot;:{&quot;unit&quot;:&quot;px&quot;,&quot;size&quot;:4,&quot;sizes&quot;:[]},&quot;background_motion_fx_translateY_affectedRange&quot;:{&quot;unit&quot;:&quot;%&quot;,&quot;size&quot;:&quot;&quot;,&quot;sizes&quot;:{&quot;start&quot;:0,&quot;end&quot;:100}},&quot;background_motion_fx_devices&quot;:[&quot;desktop&quot;,&quot;tablet&quot;,&quot;mobile&quot;]}\">\n\t\t\t\t\t\t\t<div class=\"elementor-background-overlay\"><\/div>\n\t\t\t\t\t\t<div class=\"elementor-shape elementor-shape-bottom\" aria-hidden=\"true\" data-negative=\"false\">\n\t\t\t<svg xmlns=\"http:\/\/www.w3.org\/2000\/svg\" viewbox=\"0 0 1000 100\" preserveaspectratio=\"none\">\n\t<path class=\"elementor-shape-fill\" d=\"M421.9,6.5c22.6-2.5,51.5,0.4,75.5,5.3c23.6,4.9,70.9,23.5,100.5,35.7c75.8,32.2,133.7,44.5,192.6,49.7\tc23.6,2.1,48.7,3.5,103.4-2.5c54.7-6,106.2-25.6,106.2-25.6V0H0v30.3c0,0,72,32.6,158.4,30.5c39.2-0.7,92.8-6.7,134-22.4\tc21.2-8.1,52.2-18.2,79.7-24.2C399.3,7.9,411.6,7.5,421.9,6.5z\"\/>\n<\/svg>\t\t<\/div>\n\t\t\t\t\t<div class=\"elementor-container elementor-column-gap-default\">\n\t\t\t\t\t<div class=\"elementor-column elementor-col-100 elementor-top-column elementor-element elementor-element-eb2f1fa\" data-id=\"eb2f1fa\" data-element_type=\"column\">\n\t\t\t<div class=\"elementor-widget-wrap elementor-element-populated\">\n\t\t\t\t\t\t<div class=\"elementor-element elementor-element-10e00198 elementor-widget elementor-widget-heading\" data-id=\"10e00198\" data-element_type=\"widget\" data-settings=\"{&quot;motion_fx_motion_fx_scrolling&quot;:&quot;yes&quot;,&quot;motion_fx_opacity_effect&quot;:&quot;yes&quot;,&quot;motion_fx_opacity_direction&quot;:&quot;in-out&quot;,&quot;motion_fx_opacity_range&quot;:{&quot;unit&quot;:&quot;%&quot;,&quot;size&quot;:&quot;&quot;,&quot;sizes&quot;:{&quot;start&quot;:80,&quot;end&quot;:100}},&quot;motion_fx_opacity_level&quot;:{&quot;unit&quot;:&quot;px&quot;,&quot;size&quot;:10,&quot;sizes&quot;:[]},&quot;motion_fx_devices&quot;:[&quot;desktop&quot;,&quot;tablet&quot;,&quot;mobile&quot;]}\" data-widget_type=\"heading.default\">\n\t\t\t\t<div class=\"elementor-widget-container\">\n\t\t\t\t\t<h1 class=\"elementor-heading-title elementor-size-default\">News<\/h1>\t\t\t\t<\/div>\n\t\t\t\t<\/div>\n\t\t\t\t<div class=\"elementor-element elementor-element-6e22c16c elementor-widget-divider--view-line elementor-widget elementor-widget-divider\" data-id=\"6e22c16c\" data-element_type=\"widget\" data-widget_type=\"divider.default\">\n\t\t\t\t<div class=\"elementor-widget-container\">\n\t\t\t\t\t\t\t<div class=\"elementor-divider\">\n\t\t\t<span class=\"elementor-divider-separator\">\n\t\t\t\t\t\t<\/span>\n\t\t<\/div>\n\t\t\t\t\t\t<\/div>\n\t\t\t\t<\/div>\n\t\t\t\t<div class=\"elementor-element elementor-element-9453d90 elementor-widget__width-initial elementor-fixed elementor-hidden-phone elementor-widget elementor-widget-button\" data-id=\"9453d90\" data-element_type=\"widget\" data-settings=\"{&quot;_position&quot;:&quot;fixed&quot;}\" data-widget_type=\"button.default\">\n\t\t\t\t<div class=\"elementor-widget-container\">\n\t\t\t\t\t\t\t\t\t<div class=\"elementor-button-wrapper\">\n\t\t\t\t\t<a class=\"elementor-button elementor-button-link elementor-size-md\" href=\"https:\/\/kmdp.eu\/en\/kmdp-kontakt\/\">\n\t\t\t\t\t\t<span class=\"elementor-button-content-wrapper\">\n\t\t\t\t\t\t<span class=\"elementor-button-icon\">\n\t\t\t\t<i aria-hidden=\"true\" class=\"fas fa-envelope\"><\/i>\t\t\t<\/span>\n\t\t\t\t\t\t\t\t<\/span>\n\t\t\t\t\t<\/a>\n\t\t\t\t<\/div>\n\t\t\t\t\t\t\t\t<\/div>\n\t\t\t\t<\/div>\n\t\t\t\t\t<\/div>\n\t\t<\/div>\n\t\t\t\t\t<\/div>\n\t\t<\/section>\n\t\t\t\t<section class=\"elementor-section elementor-top-section elementor-element elementor-element-5680d94a elementor-section-full_width elementor-columns-alignment-fix-enabled elementor-section-height-default elementor-section-height-default\" data-id=\"5680d94a\" data-element_type=\"section\" data-settings=\"{&quot;background_background&quot;:&quot;classic&quot;}\">\n\t\t\t\t\t\t<div class=\"elementor-container elementor-column-gap-default\">\n\t\t\t\t\t<div class=\"elementor-column elementor-col-50 elementor-top-column elementor-element elementor-element-40835e0\" data-id=\"40835e0\" data-element_type=\"column\">\n\t\t\t<div class=\"elementor-widget-wrap elementor-element-populated\">\n\t\t\t\t\t\t<div class=\"elementor-element elementor-element-545e2797 elementor-search-form--skin-classic elementor-search-form--button-type-icon elementor-search-form--icon-search elementor-widget elementor-widget-search-form\" data-id=\"545e2797\" data-element_type=\"widget\" data-settings=\"{&quot;sticky&quot;:&quot;top&quot;,&quot;sticky_offset&quot;:10,&quot;sticky_effects_offset&quot;:30,&quot;sticky_parent&quot;:&quot;yes&quot;,&quot;skin&quot;:&quot;classic&quot;,&quot;sticky_on&quot;:[&quot;desktop&quot;,&quot;tablet&quot;,&quot;mobile&quot;],&quot;sticky_anchor_link_offset&quot;:0}\" data-widget_type=\"search-form.default\">\n\t\t\t\t<div class=\"elementor-widget-container\">\n\t\t\t\t\t\t\t<search role=\"search\">\n\t\t\t<form class=\"elementor-search-form\" action=\"https:\/\/kmdp.eu\/en\/\" method=\"get\" data-trp-original-action=\"https:\/\/kmdp.eu\/en\">\n\t\t\t\t\t\t\t\t\t\t\t\t<div class=\"elementor-search-form__container\">\n\t\t\t\t\t<label class=\"elementor-screen-only\" for=\"elementor-search-form-545e2797\">Search<\/label>\n\n\t\t\t\t\t\n\t\t\t\t\t<input id=\"elementor-search-form-545e2797\" placeholder=\"Szukaj...\" class=\"elementor-search-form__input\" type=\"search\" name=\"s\" value=\"\">\n\t\t\t\t\t\n\t\t\t\t\t\t\t\t\t\t\t<button class=\"elementor-search-form__submit\" type=\"submit\" aria-label=\"Search\">\n\t\t\t\t\t\t\t\t\t\t\t\t\t\t\t<i aria-hidden=\"true\" class=\"fas fa-search\"><\/i>\t\t\t\t\t\t\t\t\t\t\t\t\t<\/button>\n\t\t\t\t\t\n\t\t\t\t\t\t\t\t\t<\/div>\n\t\t\t<input type=\"hidden\" name=\"trp-form-language\" value=\"en\"\/><\/form>\n\t\t<\/search>\n\t\t\t\t\t\t<\/div>\n\t\t\t\t<\/div>\n\t\t\t\t<div class=\"elementor-element elementor-element-663ef46 elementor-grid-1 elementor-posts--align-center elementor-posts--thumbnail-none elementor-grid-tablet-2 elementor-grid-mobile-1 elementor-invisible elementor-widget elementor-widget-posts\" data-id=\"663ef46\" data-element_type=\"widget\" data-settings=\"{&quot;classic_columns&quot;:&quot;1&quot;,&quot;classic_row_gap&quot;:{&quot;unit&quot;:&quot;px&quot;,&quot;size&quot;:30,&quot;sizes&quot;:[]},&quot;pagination_type&quot;:&quot;numbers_and_prev_next&quot;,&quot;_animation&quot;:&quot;fadeIn&quot;,&quot;classic_columns_tablet&quot;:&quot;2&quot;,&quot;classic_columns_mobile&quot;:&quot;1&quot;,&quot;classic_row_gap_tablet&quot;:{&quot;unit&quot;:&quot;px&quot;,&quot;size&quot;:&quot;&quot;,&quot;sizes&quot;:[]},&quot;classic_row_gap_mobile&quot;:{&quot;unit&quot;:&quot;px&quot;,&quot;size&quot;:&quot;&quot;,&quot;sizes&quot;:[]}}\" data-widget_type=\"posts.classic\">\n\t\t\t\t<div class=\"elementor-widget-container\">\n\t\t\t\t\t\t\t<div class=\"elementor-posts-container elementor-posts elementor-posts--skin-classic elementor-grid\" role=\"list\">\n\t\t\t\t<article class=\"elementor-post elementor-grid-item post-3880 post type-post status-publish format-standard has-post-thumbnail hentry category-nieruchomosci category-podatki\" role=\"listitem\">\n\t\t\t\t<div class=\"elementor-post__text\">\n\t\t\t\t<h3 class=\"elementor-post__title\">\n\t\t\t<a href=\"https:\/\/kmdp.eu\/en\/wsa-w-warszawie-wrz25-asi-nie-musi-posiadac-5-udzialow-bezposrednio-przed-sprzedaza-aby-skorzystac-ze-zwolnienia-z-cit\/\" >\n\t\t\t\tWSA w Warszawie (wrz\u201925): ASI nie musi posiada\u0107 5% udzia\u0142\u00f3w bezpo\u015brednio przed sprzeda\u017c\u0105, aby skorzysta\u0107 ze zwolnienia z CIT\t\t\t<\/a>\n\t\t<\/h3>\n\t\t\t\t<div class=\"elementor-post__meta-data\">\n\t\t\t\t\t<span class=\"elementor-post-author\">\n\t\t\tadministrator\t\t<\/span>\n\t\t\t\t<span class=\"elementor-post-date\">\n\t\t\t19 December 2025\t\t<\/span>\n\t\t\t\t<\/div>\n\t\t\t\t<div class=\"elementor-post__excerpt\">\n\t\t\t<p>Wojew\u00f3dzki S\u0105d Administracyjny w Warszawie w wyroku z dnia 30 wrze\u015bnia 2025 r. ( o sygn. III SA\/Wa 1237\/25) orzek\u0142, \u017ce alternatywna sp\u00f3\u0142ka inwestycyjna (ASI), kt\u00f3ra chce skorzysta\u0107 ze zwolnienia z CIT przy sprzeda\u017cy udzia\u0142\u00f3w lub akcji, nie musi spe\u0142nia\u0107 warunku nieprzerwanego posiadania co najmniej 5% udzia\u0142\u00f3w bezpo\u015brednio przed zbyciem.<\/p>\n\t\t<\/div>\n\t\t\n\t\t<a class=\"elementor-post__read-more\" href=\"https:\/\/kmdp.eu\/en\/wsa-w-warszawie-wrz25-asi-nie-musi-posiadac-5-udzialow-bezposrednio-przed-sprzedaza-aby-skorzystac-ze-zwolnienia-z-cit\/\" aria-label=\"Read more about WSA w Warszawie (wrz\u201925): ASI nie musi posiada\u0107 5% udzia\u0142\u00f3w bezpo\u015brednio przed sprzeda\u017c\u0105, aby skorzysta\u0107 ze zwolnienia z CIT\" tabindex=\"-1\" >\n\t\t\tRead More\t\t<\/a>\n\n\t\t\t\t<\/div>\n\t\t\t\t<\/article>\n\t\t\t\t<article class=\"elementor-post elementor-grid-item post-3679 post type-post status-publish format-standard has-post-thumbnail hentry category-nieruchomosci category-podatki\" role=\"listitem\">\n\t\t\t\t<div class=\"elementor-post__text\">\n\t\t\t\t<h3 class=\"elementor-post__title\">\n\t\t\t<a href=\"https:\/\/kmdp.eu\/en\/medycyna-estetyczna-a-podatek-od-nieruchomosci\/\" >\n\t\t\t\tMedycyna estetyczna a podatek od nieruchomo\u015bci\t\t\t<\/a>\n\t\t<\/h3>\n\t\t\t\t<div class=\"elementor-post__meta-data\">\n\t\t\t\t\t<span class=\"elementor-post-author\">\n\t\t\tadministrator\t\t<\/span>\n\t\t\t\t<span class=\"elementor-post-date\">\n\t\t\t9 May 2023\t\t<\/span>\n\t\t\t\t<\/div>\n\t\t\t\t<div class=\"elementor-post__excerpt\">\n\t\t\t<p>Podmioty gospodarcze wykonuj\u0105ce dzia\u0142alno\u015b\u0107 zwi\u0105zan\u0105 z udzielaniem \u015bwiadcze\u0144 zdrowotnych w rozumieniu przepis\u00f3w o dzia\u0142alno\u015bci leczniczej mog\u0105 korzysta\u0107 z obni\u017conej stawki podatku od nieruchomo\u015bci [dalej: PON] w wysoko\u015bci do 5,87 z\u0142 za 1 m2 powierzchni u\u017cytkowej (zgodnie z ustaw\u0105 o podatkach i op\u0142atach lokalnych, chyba \u017ce rada gminy ustali inne stawki).<\/p>\n\t\t<\/div>\n\t\t\n\t\t<a class=\"elementor-post__read-more\" href=\"https:\/\/kmdp.eu\/en\/medycyna-estetyczna-a-podatek-od-nieruchomosci\/\" aria-label=\"Read more about Medycyna estetyczna a podatek od nieruchomo\u015bci\" tabindex=\"-1\" >\n\t\t\tRead More\t\t<\/a>\n\n\t\t\t\t<\/div>\n\t\t\t\t<\/article>\n\t\t\t\t<article class=\"elementor-post elementor-grid-item post-3675 post type-post status-publish format-standard has-post-thumbnail hentry category-podatki category-spolka category-vat\" role=\"listitem\">\n\t\t\t\t<div class=\"elementor-post__text\">\n\t\t\t\t<h3 class=\"elementor-post__title\">\n\t\t\t<a href=\"https:\/\/kmdp.eu\/en\/grupa-vat-to-nie-tylko-vat\/\" >\n\t\t\t\tGrupa VAT to nie tylko VAT\t\t\t<\/a>\n\t\t<\/h3>\n\t\t\t\t<div class=\"elementor-post__meta-data\">\n\t\t\t\t\t<span class=\"elementor-post-author\">\n\t\t\tadministrator\t\t<\/span>\n\t\t\t\t<span class=\"elementor-post-date\">\n\t\t\t7 April 2023\t\t<\/span>\n\t\t\t\t<\/div>\n\t\t\t\t<div class=\"elementor-post__excerpt\">\n\t\t\t<p>Dopiero od niedawna mo\u017cemy cieszy\u0107 si\u0119 w Polsce z mo\u017cliwo\u015bci korzystania z dobrodziejstw funkcjonowania w ramach Grup VAT. \u00a0Przed wej\u015bciem w \u017cycie przepis\u00f3w co chwil\u0119 pojawia\u0142y si\u0119 coraz bardziej ciekawe prezentacje z kalkulacjami oszcz\u0119dno\u015bci VAT, z kt\u00f3rych realnie mo\u017cna by\u0142o wysnu\u0107 jeden wniosek \u2013 no to na co jeszcze czekamy<\/p>\n\t\t<\/div>\n\t\t\n\t\t<a class=\"elementor-post__read-more\" href=\"https:\/\/kmdp.eu\/en\/grupa-vat-to-nie-tylko-vat\/\" aria-label=\"Read more about Grupa VAT to nie tylko VAT\" tabindex=\"-1\" >\n\t\t\tRead More\t\t<\/a>\n\n\t\t\t\t<\/div>\n\t\t\t\t<\/article>\n\t\t\t\t<article class=\"elementor-post elementor-grid-item post-3659 post type-post status-publish format-standard has-post-thumbnail hentry category-bez-kategorii category-cit\" role=\"listitem\">\n\t\t\t\t<div class=\"elementor-post__text\">\n\t\t\t\t<h3 class=\"elementor-post__title\">\n\t\t\t<a href=\"https:\/\/kmdp.eu\/en\/bezposrednio-o-bezposredniosci\/\" >\n\t\t\t\tBezpo\u015brednio o bezpo\u015brednio\u015bci\t\t\t<\/a>\n\t\t<\/h3>\n\t\t\t\t<div class=\"elementor-post__meta-data\">\n\t\t\t\t\t<span class=\"elementor-post-author\">\n\t\t\tadministrator\t\t<\/span>\n\t\t\t\t<span class=\"elementor-post-date\">\n\t\t\t11 May 2021\t\t<\/span>\n\t\t\t\t<\/div>\n\t\t\t\t<div class=\"elementor-post__excerpt\">\n\t\t\t<p>Jeste\u015bmy w okresie kalkulacji rocznego podatku dochodowego. Ksi\u0119gowym i nie tylko sen z powiek sp\u0119dza konieczno\u015b\u0107 wy\u0142\u0105czenia z koszt\u00f3w uzyskania przychod\u00f3w koszt\u00f3w us\u0142ug o charakterze niematerialnym. Zgodnie z art. 15e ust. 1 pkt 1 Ustawy CIT podatnicy s\u0105 obowi\u0105zani wy\u0142\u0105czy\u0107 z koszt\u00f3w uzyskania przychod\u00f3w koszty us\u0142ug doradczych, badania rynku, us\u0142ug<\/p>\n\t\t<\/div>\n\t\t\n\t\t<a class=\"elementor-post__read-more\" href=\"https:\/\/kmdp.eu\/en\/bezposrednio-o-bezposredniosci\/\" aria-label=\"Read more about Bezpo\u015brednio o bezpo\u015brednio\u015bci\" tabindex=\"-1\" >\n\t\t\tRead More\t\t<\/a>\n\n\t\t\t\t<\/div>\n\t\t\t\t<\/article>\n\t\t\t\t<article class=\"elementor-post elementor-grid-item post-3649 post type-post status-publish format-standard has-post-thumbnail hentry category-bez-kategorii\" role=\"listitem\">\n\t\t\t\t<div class=\"elementor-post__text\">\n\t\t\t\t<h3 class=\"elementor-post__title\">\n\t\t\t<a href=\"https:\/\/kmdp.eu\/en\/mozna-mozna-wspolna-interpretacja-indywidualna-dla-grupy-spolek-wydana-w-trzy-tygodnie-i-to-w-czasach-pandemii\/\" >\n\t\t\t\tMo\u017cna? Mo\u017cna! Wsp\u00f3lna interpretacja indywidualna dla grupy sp\u00f3\u0142ek wydana w trzy tygodnie i to w czasach pandemii\t\t\t<\/a>\n\t\t<\/h3>\n\t\t\t\t<div class=\"elementor-post__meta-data\">\n\t\t\t\t\t<span class=\"elementor-post-author\">\n\t\t\tMicha\u0142 Maciejewski\t\t<\/span>\n\t\t\t\t<span class=\"elementor-post-date\">\n\t\t\t10 June 2020\t\t<\/span>\n\t\t\t\t<\/div>\n\t\t\t\t<div class=\"elementor-post__excerpt\">\n\t\t\t<p>Nasz zesp\u00f3\u0142 procedowa\u0142 na zlecenie mocodawc\u00f3w wsp\u00f3lny wniosek o wydanie interpretacji indywidualnej prawa podatkowego, efektem czego by\u0142o uzyskanie potwierdzenia prawid\u0142owo\u015bci stanowiska w niej przedstawionego i to w terminie trzech tygodni od daty z\u0142o\u017cenia przedmiotowego wniosku. W czasach ogranicze\u0144 zwi\u0105zanych z og\u0142oszonym stanem epidemii decyzja o z\u0142o\u017ceniu wniosku o wydanie interpretacji<\/p>\n\t\t<\/div>\n\t\t\n\t\t<a class=\"elementor-post__read-more\" href=\"https:\/\/kmdp.eu\/en\/mozna-mozna-wspolna-interpretacja-indywidualna-dla-grupy-spolek-wydana-w-trzy-tygodnie-i-to-w-czasach-pandemii\/\" aria-label=\"Read more about Mo\u017cna? Mo\u017cna! Wsp\u00f3lna interpretacja indywidualna dla grupy sp\u00f3\u0142ek wydana w trzy tygodnie i to w czasach pandemii\" tabindex=\"-1\" >\n\t\t\tRead More\t\t<\/a>\n\n\t\t\t\t<\/div>\n\t\t\t\t<\/article>\n\t\t\t\t<article class=\"elementor-post elementor-grid-item post-3621 post type-post status-publish format-standard has-post-thumbnail hentry category-vat\" role=\"listitem\">\n\t\t\t\t<div class=\"elementor-post__text\">\n\t\t\t\t<h3 class=\"elementor-post__title\">\n\t\t\t<a href=\"https:\/\/kmdp.eu\/en\/hungary-the-highest-vat-rate-in-european-union\/\" >\n\t\t\t\tHungary \u2013 The highest VAT rate in European Union\t\t\t<\/a>\n\t\t<\/h3>\n\t\t\t\t<div class=\"elementor-post__meta-data\">\n\t\t\t\t\t<span class=\"elementor-post-author\">\n\t\t\tadministrator\t\t<\/span>\n\t\t\t\t<span class=\"elementor-post-date\">\n\t\t\t7 May 2020\t\t<\/span>\n\t\t\t\t<\/div>\n\t\t\t\t<div class=\"elementor-post__excerpt\">\n\t\t\t<p>Hungary introduced the highest, 27-percent, VAT rate in European Union. From 1 January 2012 the Act pushed through by the Hungarian Prime Minister Viktor Orban, entered into force. The Act increases the tax on goods and services. VAT increase is to patch the budget hole and help the Hungarians in<\/p>\n\t\t<\/div>\n\t\t\n\t\t<a class=\"elementor-post__read-more\" href=\"https:\/\/kmdp.eu\/en\/hungary-the-highest-vat-rate-in-european-union\/\" aria-label=\"Read more about Hungary \u2013 The highest VAT rate in European Union\" tabindex=\"-1\" >\n\t\t\tRead More\t\t<\/a>\n\n\t\t\t\t<\/div>\n\t\t\t\t<\/article>\n\t\t\t\t<\/div>\n\t\t\n\t\t\t\t<div class=\"e-load-more-anchor\" data-page=\"1\" data-max-page=\"2\" data-next-page=\"https:\/\/kmdp.eu\/en\/wp-json\/wp\/v2\/pages\/3114\/page\/2\/\"><\/div>\n\t\t\t\t<nav class=\"elementor-pagination\" aria-label=\"Pagination\">\n\t\t\t<span class=\"page-numbers prev\">&laquo; Poprzedni<\/span>\n<span aria-current=\"page\" class=\"page-numbers current\"><span class=\"elementor-screen-only\">Page<\/span>1<\/span>\n<a class=\"page-numbers\" href=\"https:\/\/kmdp.eu\/en\/wp-json\/wp\/v2\/pages\/3114\/page\/2\/\"><span class=\"elementor-screen-only\">Page<\/span>2<\/a>\n<a class=\"page-numbers next\" href=\"https:\/\/kmdp.eu\/en\/wp-json\/wp\/v2\/pages\/3114\/page\/2\/\">Nast\u0119pny &raquo;<\/a>\t\t<\/nav>\n\t\t\t\t\t\t<\/div>\n\t\t\t\t<\/div>\n\t\t\t\t\t<\/div>\n\t\t<\/div>\n\t\t\t\t<div class=\"elementor-column elementor-col-50 elementor-top-column elementor-element elementor-element-36eabe7e elementor-hidden-tablet elementor-hidden-phone\" data-id=\"36eabe7e\" data-element_type=\"column\">\n\t\t\t<div class=\"elementor-widget-wrap\">\n\t\t\t\t\t\t\t<\/div>\n\t\t<\/div>\n\t\t\t\t\t<\/div>\n\t\t<\/section>\n\t\t\t\t<section class=\"elementor-section elementor-top-section elementor-element elementor-element-528c918c elementor-section-full_width elementor-section-height-min-height elementor-section-height-default elementor-section-items-middle\" data-id=\"528c918c\" data-element_type=\"section\" data-settings=\"{&quot;background_background&quot;:&quot;gradient&quot;}\">\n\t\t\t\t\t\t\t<div class=\"elementor-background-overlay\"><\/div>\n\t\t\t\t\t\t\t<div class=\"elementor-container elementor-column-gap-extended\">\n\t\t\t\t\t<div class=\"elementor-column elementor-col-100 elementor-top-column elementor-element elementor-element-48db9934\" data-id=\"48db9934\" data-element_type=\"column\">\n\t\t\t<div class=\"elementor-widget-wrap elementor-element-populated\">\n\t\t\t\t\t\t<div class=\"elementor-element elementor-element-51396885 elementor-widget elementor-widget-spacer\" data-id=\"51396885\" data-element_type=\"widget\" data-widget_type=\"spacer.default\">\n\t\t\t\t<div class=\"elementor-widget-container\">\n\t\t\t\t\t\t\t<div class=\"elementor-spacer\">\n\t\t\t<div class=\"elementor-spacer-inner\"><\/div>\n\t\t<\/div>\n\t\t\t\t\t\t<\/div>\n\t\t\t\t<\/div>\n\t\t\t\t<div class=\"elementor-element elementor-element-42e3f396 elementor-widget-divider--view-line elementor-widget elementor-widget-divider\" data-id=\"42e3f396\" data-element_type=\"widget\" data-widget_type=\"divider.default\">\n\t\t\t\t<div class=\"elementor-widget-container\">\n\t\t\t\t\t\t\t<div class=\"elementor-divider\">\n\t\t\t<span class=\"elementor-divider-separator\">\n\t\t\t\t\t\t<\/span>\n\t\t<\/div>\n\t\t\t\t\t\t<\/div>\n\t\t\t\t<\/div>\n\t\t\t\t<div class=\"elementor-element elementor-element-620e8ec4 elementor-widget elementor-widget-heading\" data-id=\"620e8ec4\" data-element_type=\"widget\" data-settings=\"{&quot;motion_fx_motion_fx_scrolling&quot;:&quot;yes&quot;,&quot;motion_fx_devices&quot;:[&quot;desktop&quot;,&quot;tablet&quot;,&quot;mobile&quot;]}\" data-widget_type=\"heading.default\">\n\t\t\t\t<div class=\"elementor-widget-container\">\n\t\t\t\t\t<h2 class=\"elementor-heading-title elementor-size-default\">We will be happy to be of service to you<\/h2>\t\t\t\t<\/div>\n\t\t\t\t<\/div>\n\t\t\t\t<div class=\"elementor-element elementor-element-787ce0e8 elementor-widget elementor-widget-spacer\" data-id=\"787ce0e8\" data-element_type=\"widget\" data-widget_type=\"spacer.default\">\n\t\t\t\t<div class=\"elementor-widget-container\">\n\t\t\t\t\t\t\t<div class=\"elementor-spacer\">\n\t\t\t<div class=\"elementor-spacer-inner\"><\/div>\n\t\t<\/div>\n\t\t\t\t\t\t<\/div>\n\t\t\t\t<\/div>\n\t\t\t\t<div class=\"elementor-element elementor-element-66e8803e elementor-align-center elementor-widget elementor-widget-button\" data-id=\"66e8803e\" data-element_type=\"widget\" data-settings=\"{&quot;motion_fx_motion_fx_scrolling&quot;:&quot;yes&quot;,&quot;motion_fx_opacity_effect&quot;:&quot;yes&quot;,&quot;motion_fx_opacity_direction&quot;:&quot;in-out&quot;,&quot;motion_fx_opacity_range&quot;:{&quot;unit&quot;:&quot;%&quot;,&quot;size&quot;:&quot;&quot;,&quot;sizes&quot;:{&quot;start&quot;:80,&quot;end&quot;:100}},&quot;motion_fx_opacity_level&quot;:{&quot;unit&quot;:&quot;px&quot;,&quot;size&quot;:10,&quot;sizes&quot;:[]},&quot;motion_fx_devices&quot;:[&quot;desktop&quot;,&quot;tablet&quot;,&quot;mobile&quot;]}\" data-widget_type=\"button.default\">\n\t\t\t\t<div class=\"elementor-widget-container\">\n\t\t\t\t\t\t\t\t\t<div class=\"elementor-button-wrapper\">\n\t\t\t\t\t<a class=\"elementor-button elementor-button-link elementor-size-lg\" href=\"https:\/\/kmdp.eu\/en\/kmdp-kontakt\/\">\n\t\t\t\t\t\t<span class=\"elementor-button-content-wrapper\">\n\t\t\t\t\t\t<span class=\"elementor-button-icon\">\n\t\t\t\t<i aria-hidden=\"true\" class=\"fas fa-arrow-right\"><\/i>\t\t\t<\/span>\n\t\t\t\t\t\t\t\t\t<span class=\"elementor-button-text\">Contact us<\/span>\n\t\t\t\t\t<\/span>\n\t\t\t\t\t<\/a>\n\t\t\t\t<\/div>\n\t\t\t\t\t\t\t\t<\/div>\n\t\t\t\t<\/div>\n\t\t\t\t<section class=\"elementor-section elementor-inner-section elementor-element elementor-element-43ab35bb elementor-section-boxed elementor-section-height-default elementor-section-height-default\" data-id=\"43ab35bb\" data-element_type=\"section\">\n\t\t\t\t\t\t<div class=\"elementor-container elementor-column-gap-default\">\n\t\t\t\t\t<div class=\"elementor-column elementor-col-100 elementor-inner-column elementor-element elementor-element-39e475c\" data-id=\"39e475c\" data-element_type=\"column\">\n\t\t\t<div class=\"elementor-widget-wrap elementor-element-populated\">\n\t\t\t\t\t\t<div class=\"elementor-element elementor-element-3c994144 elementor-widget elementor-widget-spacer\" data-id=\"3c994144\" data-element_type=\"widget\" data-widget_type=\"spacer.default\">\n\t\t\t\t<div class=\"elementor-widget-container\">\n\t\t\t\t\t\t\t<div class=\"elementor-spacer\">\n\t\t\t<div class=\"elementor-spacer-inner\"><\/div>\n\t\t<\/div>\n\t\t\t\t\t\t<\/div>\n\t\t\t\t<\/div>\n\t\t\t\t\t<\/div>\n\t\t<\/div>\n\t\t\t\t\t<\/div>\n\t\t<\/section>\n\t\t\t\t\t<\/div>\n\t\t<\/div>\n\t\t\t\t\t<\/div>\n\t\t<\/section>\n\t\t\t\t<\/div>","protected":false},"excerpt":{"rendered":"<p>Aktualno\u015bci Serdecznie zapraszamy Pa\u0144stwa do wsp\u00f3\u0142pracy Skontaktuj si\u0119 z nami<\/p>","protected":false},"author":1,"featured_media":0,"parent":0,"menu_order":0,"comment_status":"closed","ping_status":"closed","template":"","meta":{"footnotes":""},"class_list":["post-3114","page","type-page","status-publish","hentry"],"yoast_head":"<!-- This site is optimized with the Yoast SEO plugin v14.3 - https:\/\/yoast.com\/wordpress\/plugins\/seo\/ -->\n<title>Aktualno\u015bci - KMDP<\/title>\n<meta name=\"robots\" content=\"index, follow\" \/>\n<meta name=\"googlebot\" content=\"index, follow, max-snippet:-1, max-image-preview:large, max-video-preview:-1\" \/>\n<meta name=\"bingbot\" content=\"index, follow, max-snippet:-1, max-image-preview:large, max-video-preview:-1\" \/>\n<link rel=\"canonical\" href=\"https:\/\/kmdp.eu\/en\/kmdp-aktualnosci\/\" \/>\n<meta property=\"og:locale\" content=\"en_US\" \/>\n<meta property=\"og:type\" content=\"article\" \/>\n<meta property=\"og:title\" content=\"Aktualno\u015bci - KMDP\" \/>\n<meta property=\"og:description\" content=\"Aktualno\u015bci Serdecznie zapraszamy Pa\u0144stwa do wsp\u00f3\u0142pracy Skontaktuj si\u0119 z nami\" \/>\n<meta property=\"og:url\" content=\"https:\/\/kmdp.eu\/en\/kmdp-aktualnosci\/\" \/>\n<meta property=\"og:site_name\" content=\"KMDP\" \/>\n<meta property=\"article:modified_time\" content=\"2025-02-12T14:45:57+00:00\" \/>\n<meta name=\"twitter:card\" content=\"summary_large_image\" \/>\n<script type=\"application\/ld+json\" class=\"yoast-schema-graph\">{\"@context\":\"https:\/\/schema.org\",\"@graph\":[{\"@type\":\"WebSite\",\"@id\":\"https:\/\/kmdp.eu\/en\/#website\",\"url\":\"https:\/\/kmdp.eu\/en\/\",\"name\":\"KMDP\",\"description\":\"Ko\\u0142ecki Markiewicz Doradztwo Podatkowe\",\"potentialAction\":[{\"@type\":\"SearchAction\",\"target\":\"https:\/\/kmdp.eu\/en\/?s={search_term_string}\",\"query-input\":\"required name=search_term_string\"}],\"inLanguage\":\"en-US\"},{\"@type\":\"WebPage\",\"@id\":\"https:\/\/kmdp.eu\/kmdp-aktualnosci\/#webpage\",\"url\":\"https:\/\/kmdp.eu\/kmdp-aktualnosci\/\",\"name\":\"Aktualno\\u015bci - KMDP\",\"isPartOf\":{\"@id\":\"https:\/\/kmdp.eu\/en\/#website\"},\"datePublished\":\"2020-03-24T08:26:52+00:00\",\"dateModified\":\"2025-02-12T14:45:57+00:00\",\"inLanguage\":\"en-US\",\"potentialAction\":[{\"@type\":\"ReadAction\",\"target\":[\"https:\/\/kmdp.eu\/kmdp-aktualnosci\/\"]}]}]}<\/script>\n<!-- \/ Yoast SEO plugin. -->","_links":{"self":[{"href":"https:\/\/kmdp.eu\/en\/wp-json\/wp\/v2\/pages\/3114","targetHints":{"allow":["GET"]}}],"collection":[{"href":"https:\/\/kmdp.eu\/en\/wp-json\/wp\/v2\/pages"}],"about":[{"href":"https:\/\/kmdp.eu\/en\/wp-json\/wp\/v2\/types\/page"}],"author":[{"embeddable":true,"href":"https:\/\/kmdp.eu\/en\/wp-json\/wp\/v2\/users\/1"}],"replies":[{"embeddable":true,"href":"https:\/\/kmdp.eu\/en\/wp-json\/wp\/v2\/comments?post=3114"}],"version-history":[{"count":21,"href":"https:\/\/kmdp.eu\/en\/wp-json\/wp\/v2\/pages\/3114\/revisions"}],"predecessor-version":[{"id":3827,"href":"https:\/\/kmdp.eu\/en\/wp-json\/wp\/v2\/pages\/3114\/revisions\/3827"}],"wp:attachment":[{"href":"https:\/\/kmdp.eu\/en\/wp-json\/wp\/v2\/media?parent=3114"}],"curies":[{"name":"wp","href":"https:\/\/api.w.org\/{rel}","templated":true}]}}